{"id":1133,"date":"2022-04-23T21:02:48","date_gmt":"2022-04-23T19:02:48","guid":{"rendered":"https:\/\/klinicysta.pl\/?page_id=1133"},"modified":"2022-04-27T19:30:56","modified_gmt":"2022-04-27T17:30:56","slug":"traumatologia-sportowa","status":"publish","type":"page","link":"https:\/\/klinicysta.pl\/index.php\/traumatologia-sportowa\/","title":{"rendered":"HYBRID MANUAL MODEL"},"content":{"rendered":"\n<figure class=\"wp-block-gallery has-nested-images columns-default is-cropped wp-block-gallery-1 is-layout-flex wp-block-gallery-is-layout-flex\">\n<figure class=\"wp-block-image size-large\"><img fetchpriority=\"high\" decoding=\"async\" width=\"1024\" height=\"520\" data-id=\"1177\" src=\"https:\/\/klinicysta.pl\/wp-content\/uploads\/2022\/04\/HYBRID-ULOTKA-1-1024x520.jpg\" alt=\"\" class=\"wp-image-1177\" srcset=\"https:\/\/klinicysta.pl\/wp-content\/uploads\/2022\/04\/HYBRID-ULOTKA-1-1024x520.jpg 1024w, https:\/\/klinicysta.pl\/wp-content\/uploads\/2022\/04\/HYBRID-ULOTKA-1-300x152.jpg 300w, https:\/\/klinicysta.pl\/wp-content\/uploads\/2022\/04\/HYBRID-ULOTKA-1-768x390.jpg 768w, https:\/\/klinicysta.pl\/wp-content\/uploads\/2022\/04\/HYBRID-ULOTKA-1.jpg 1286w\" sizes=\"(max-width: 1024px) 100vw, 1024px\" \/><\/figure>\n<\/figure>\n\n\n\n<h2 class=\"wp-block-heading\">OPIS KURSU:<\/h2>\n\n\n\n<p><strong>Hybrid Manual Model (HMM) <\/strong>to model polegaj\u0105cy na po\u0142\u0105czeniu r\u00f3\u017cnorodnych form i bod\u017ac\u00f3w terapeutycznych &#8211; HYBRYDOWE LECZENIE z wykorzystaniem technik powi\u0119ziowych, mobilizacji i manipulacji staw\u00f3w kr\u0119gos\u0142upa i ko\u0144czyn oraz technik stymulacji eksteroceptywnej.<\/p>\n\n\n\n<p><\/p>\n\n\n\n<p><strong>Hybrid Manual Model (HMM) <\/strong>to holistyczna koncepcja diagnostyki i terapii manualnej narz\u0105du ruchu oparta o najnowsze doniesienia naukowe oraz do\u015bwiadczenia w\u0142asne. To co wyr\u00f3\u017cnia nasz model to <strong>nowoczesna diagnostyka funkcjonalna <\/strong>pozwalaj\u0105ca na indywidualny dob\u00f3r bod\u017aca terapeutycznego.<\/p>\n\n\n\n<h4 class=\"wp-block-heading\">HYBRYDOWY MODEL MANUALNY (HMM) TO:<\/h4>\n\n\n\n<ul class=\"wp-block-list\"><li>Dok\u0142adny wywiad oraz szczeg\u00f3\u0142owa diagnostyka funkcjonalna <\/li><li>Terapia manualna staw\u00f3w kr\u0119gos\u0142upa i ko\u0144czyn \u2013 mobilizacje, manipulacje.<\/li><li>Terapia powi\u0119ziowa.<\/li><li>Stymulacja eksteroceptywna.<\/li><\/ul>\n\n\n\n<h4 class=\"wp-block-heading\">CELEM KURSU JEST:<\/h4>\n\n\n\n<ul class=\"wp-block-list\"><li>zapoznanie si\u0119 z zasadami Hybrid Manual Model (HMM),<\/li><li>zapoznanie si\u0119 z nowoczesn\u0105 diagnostyk\u0105 funkcjonaln\u0105 wg Hybrid Manual Model (HMM),<\/li><li>nauka technik powi\u0119ziowych, mobilizacji, manipulacji oraz stymulacji<\/li><li>eksteroceptywnej,<\/li><li>zdobycie wiedzy teoretycznej oraz praktycznych umiej\u0119tno\u015bci do pracy z pacjentem.<\/li><\/ul>\n\n\n\n<h4 class=\"wp-block-heading\">PO KURSIE UCZESTNIK B\u0118DZIE POTRAFI\u0141:<\/h4>\n\n\n\n<ul class=\"wp-block-list\"><li>przeprowadzi\u0107 diagnostyk\u0119 funkcjonaln\u0105 wg Hybrid Manual Model,<\/li><li>zlokalizowa\u0107 miejsce dysfunkcji oraz dobra\u0107 bodziec terapeutyczny,<\/li><li>zastosowa\u0107 techniki manualne: powi\u0119ziowe, mobilizacje, manipulacje oraz stymulacje eksteroceptywne we wszystkich przypadkach klinicznych,<\/li><\/ul>\n\n\n\n<h4 class=\"wp-block-heading\">PROWADZ\u0104CY:<\/h4>\n\n\n\n<ul class=\"wp-block-list\"><li>DR BARTOSZ KOCHA\u0143SKI, DR MICHA\u0141 CICHOSZ<\/li><\/ul>\n\n\n\n<h4 class=\"wp-block-heading\">CENA: 2000z\u0142<\/h4>\n\n\n\n<h4 class=\"wp-block-heading\">KONTAKT I REJESTRACJA:<\/h4>\n\n\n\n<ul class=\"wp-block-list\"><li><strong>668-235-490<\/strong><\/li><li><strong>kochanski@klinicysta.pl<\/strong><\/li><\/ul>\n\n\n\n<p><strong>Czas trwania:<\/strong> 30 godz. dydaktycznych\/3 dni (pi\u0105tek\/sobota\/niedziela)<\/p>\n\n\n\n<p><\/p>\n\n\n\n<p><strong>KURS DLA FIZJOTERAPEUT\u00d3W, TECHNIK\u00d3W FIZJOTERAPII, MASA\u017bYST\u00d3W, STUDENT\u00d3W FIZJOTERAPII<\/strong><\/p>\n\n\n\n<p><strong>PROGRAM KURSU<\/strong><\/p>\n\n\n\n<p><strong>ZA\u0141O\u017bENIA I ZASADY HYBRID MANUAL MODEL (HMM); DIAGNOSTYKA FUNLCJONALNA<\/strong><\/p>\n\n\n\n<ul class=\"wp-block-list\"><li>Za\u0142o\u017cenia i zasady HMM.<\/li><li>Podstawy anatomiczne, biomechaniczne i neurofizjologiczne.<\/li><li>Wskazania i przeciwskazania.<\/li><li>Badanie podmiotowe i przedmiotowe &#8211; nowoczesna diagnostyka funkcjonalna.<\/li><li>Analiza wzorc\u00f3w b\u00f3lowych pacjenta.<\/li><\/ul>\n\n\n\n<p><strong>TECHNIKI MOBILIZACYJNE &amp; MANIPULACJNE &amp; TECHNIKI POWI\u0118ZIOWE ORAZ STYMULACJA EKSTEROCEPTYWNA<\/strong><\/p>\n\n\n\n<ul class=\"wp-block-list\"><li>Lokalizacja dysfunkcji oraz zasady doboru bod\u017aca terapeutycznego.<\/li><li>Badanie dla potrzeb terapii manualnej.<\/li><li>Techniki terapeutyczne dla kr\u0119gos\u0142upa w odcinku szyjnym.<\/li><li>Techniki terapeutyczne dla ko\u0144czyny g\u00f3rnej.<\/li><li>Techniki terapeutyczne dla l\u0119d\u017awiowo-krzy\u017cowego<\/li><li>Techniki terapeutyczne dla ko\u0144czyny dolnej<\/li><\/ul>\n\n\n\n<p><\/p>\n   ","protected":false},"excerpt":{"rendered":"<p>OPIS KURSU: Hybrid Manual Model (HMM) to model polegaj\u0105cy na po\u0142\u0105czeniu r\u00f3\u017cnorodnych form i bod\u017ac\u00f3w terapeutycznych &#8211; HYBRYDOWE LECZENIE z wykorzystaniem technik powi\u0119ziowych, mobilizacji i manipulacji staw\u00f3w kr\u0119gos\u0142upa i ko\u0144czyn oraz technik stymulacji eksteroceptywnej. Hybrid Manual Model (HMM) to holistyczna koncepcja diagnostyki i terapii manualnej narz\u0105du ruchu oparta o najnowsze doniesienia naukowe oraz do\u015bwiadczenia w\u0142asne.&hellip; <br \/> <a class=\"read-more\" href=\"https:\/\/klinicysta.pl\/index.php\/traumatologia-sportowa\/\">Dowiedz si\u0119 wi\u0119cej<\/a><\/p>\n","protected":false},"author":1,"featured_media":0,"parent":0,"menu_order":0,"comment_status":"closed","ping_status":"closed","template":"","meta":{"_bbp_topic_count":0,"_bbp_reply_count":0,"_bbp_total_topic_count":0,"_bbp_total_reply_count":0,"_bbp_voice_count":0,"_bbp_anonymous_reply_count":0,"_bbp_topic_count_hidden":0,"_bbp_reply_count_hidden":0,"_bbp_forum_subforum_count":0,"footnotes":""},"class_list":["post-1133","page","type-page","status-publish","hentry"],"_links":{"self":[{"href":"https:\/\/klinicysta.pl\/index.php\/wp-json\/wp\/v2\/pages\/1133","targetHints":{"allow":["GET"]}}],"collection":[{"href":"https:\/\/klinicysta.pl\/index.php\/wp-json\/wp\/v2\/pages"}],"about":[{"href":"https:\/\/klinicysta.pl\/index.php\/wp-json\/wp\/v2\/types\/page"}],"author":[{"embeddable":true,"href":"https:\/\/klinicysta.pl\/index.php\/wp-json\/wp\/v2\/users\/1"}],"replies":[{"embeddable":true,"href":"https:\/\/klinicysta.pl\/index.php\/wp-json\/wp\/v2\/comments?post=1133"}],"version-history":[{"count":12,"href":"https:\/\/klinicysta.pl\/index.php\/wp-json\/wp\/v2\/pages\/1133\/revisions"}],"predecessor-version":[{"id":1179,"href":"https:\/\/klinicysta.pl\/index.php\/wp-json\/wp\/v2\/pages\/1133\/revisions\/1179"}],"wp:attachment":[{"href":"https:\/\/klinicysta.pl\/index.php\/wp-json\/wp\/v2\/media?parent=1133"}],"curies":[{"name":"wp","href":"https:\/\/api.w.org\/{rel}","templated":true}]}}