{"id":169,"date":"2018-03-28T21:33:28","date_gmt":"2018-03-28T19:33:28","guid":{"rendered":"http:\/\/klinicysta.pl\/index.php\/mesmerize\/"},"modified":"2022-05-02T14:25:17","modified_gmt":"2022-05-02T12:25:17","slug":"mesmerize","status":"publish","type":"page","link":"https:\/\/klinicysta.pl\/","title":{"rendered":"Front Page"},"content":{"rendered":"<div  id=\"latest-news-1\" style=\"background-color: rgba(255, 255, 255, 0); background-image: none;\" data-label=\"Latest-news\" data-id=\"blog-section\" data-export-id=\"blog-section\" data-category=\"latest_news\" class=\"blog-section content-section content-section-spacing section-title-col-dark-text content-relative\">\n<div  class=\"\"><div data-section-title-area=\"true\" class=\"row text-center\" >   <div class=\"section-title-col\" data-type=\"column\" >                 <\/div><\/div>\n\n<div  class=\"row\">\n<div  data-type=\"row\" data-dynamic-columns=\"handled\" data-content-shortcode=\"mesmerize_latest_news columns=&quot;3&quot; posts=&quot;4&quot; \">\t\t<div class=\"row center-sm content-left-sm\">\n\t\t\t\t\t<div id=\"post-673\" class=\"col-sm-6 col-md-3 space-bottom space-bottom-xs\">\n\t\t\t\t<div class=\"post-content card y-move bordered\">\n\t\t\t\t\t<div class=\"post-thumbnail\">\n   <a href=\"https:\/\/klinicysta.pl\/index.php\/2020\/04\/05\/chcesz-miec-zdrowe-plecy-wciagnij-brzuch\/\" class=\"post-list-item-thumb \">\n      <img fetchpriority=\"high\" decoding=\"async\" width=\"1024\" height=\"1039\" src=\"https:\/\/klinicysta.pl\/wp-content\/uploads\/2020\/04\/b\u00f3l-plec\u00f3w-klinicysta-1024x1039.jpg\" class=\"attachment-post-thumbnail size-post-thumbnail wp-post-image\" alt=\"\" srcset=\"https:\/\/klinicysta.pl\/wp-content\/uploads\/2020\/04\/b\u00f3l-plec\u00f3w-klinicysta-1024x1039.jpg 1024w, https:\/\/klinicysta.pl\/wp-content\/uploads\/2020\/04\/b\u00f3l-plec\u00f3w-klinicysta-296x300.jpg 296w, https:\/\/klinicysta.pl\/wp-content\/uploads\/2020\/04\/b\u00f3l-plec\u00f3w-klinicysta-1009x1024.jpg 1009w, https:\/\/klinicysta.pl\/wp-content\/uploads\/2020\/04\/b\u00f3l-plec\u00f3w-klinicysta-768x779.jpg 768w, https:\/\/klinicysta.pl\/wp-content\/uploads\/2020\/04\/b\u00f3l-plec\u00f3w-klinicysta-1514x1536.jpg 1514w, https:\/\/klinicysta.pl\/wp-content\/uploads\/2020\/04\/b\u00f3l-plec\u00f3w-klinicysta-1064x1080.jpg 1064w, https:\/\/klinicysta.pl\/wp-content\/uploads\/2020\/04\/b\u00f3l-plec\u00f3w-klinicysta.jpg 1892w\" sizes=\"(max-width: 1024px) 100vw, 1024px\" \/>   <\/a>\n<\/div>\n\t\t\t\t\t<div class=\"col-padding col-padding-xs\">\n\t\t\t\t\t\t<h3 class=\"post-title space-bottom-small\">\n\t\t\t\t\t\t\t<a href=\"https:\/\/klinicysta.pl\/index.php\/2020\/04\/05\/chcesz-miec-zdrowe-plecy-wciagnij-brzuch\/\" rel=\"bookmark\">\n\t\t\t\t\t\t\t\tChcesz mie\u0107 zdrowe plecy? Wci\u0105gnij brzuch!\t\t\t\t\t\t\t<\/a>\n\t\t\t\t\t\t<\/h3>\n\t\t\t\t\t\t<p>Aktywizacja m.in. mi\u0119\u015bni poprzecznych brzucha zmniejsza obci\u0105\u017cenia dzia\u0142aj\u0105ce na odcinek l\u0119d\u017awiowy kr\u0119gos\u0142upa nawet o 25 proc. &#8211; wynika z badania naukowc\u00f3w Politechniki \u015al\u0105skiej i AWF w Katowicach. Po\u0142\u0105czyli oni si\u0142y,[&hellip;]<\/p>\n\t\t\t\t\t\t<a class=\"read-more link\" href=\"https:\/\/klinicysta.pl\/index.php\/2020\/04\/05\/chcesz-miec-zdrowe-plecy-wciagnij-brzuch\/\">\n\t\t\t\t\t\t\tCzytaj dalej\t\t\t\t\t\t<\/a>\n\t\t\t\t\t<\/div>\n\t\t\t\t<\/div>\n\t\t\t<\/div>\n\t\t\t\t\t\t<div id=\"post-604\" class=\"col-sm-6 col-md-3 space-bottom space-bottom-xs\">\n\t\t\t\t<div class=\"post-content card y-move bordered\">\n\t\t\t\t\t<div class=\"post-thumbnail\">\n   <a href=\"https:\/\/klinicysta.pl\/index.php\/2019\/08\/18\/zmiany-typu-modic\/\" class=\"post-list-item-thumb \">\n      <img decoding=\"async\" width=\"1024\" height=\"682\" src=\"https:\/\/klinicysta.pl\/wp-content\/uploads\/2019\/08\/Moddic-1024x682.jpg\" class=\"attachment-post-thumbnail size-post-thumbnail wp-post-image\" alt=\"\" srcset=\"https:\/\/klinicysta.pl\/wp-content\/uploads\/2019\/08\/Moddic-1024x682.jpg 1024w, https:\/\/klinicysta.pl\/wp-content\/uploads\/2019\/08\/Moddic-300x200.jpg 300w, https:\/\/klinicysta.pl\/wp-content\/uploads\/2019\/08\/Moddic-768x512.jpg 768w, https:\/\/klinicysta.pl\/wp-content\/uploads\/2019\/08\/Moddic.jpg 1280w\" sizes=\"(max-width: 1024px) 100vw, 1024px\" \/>   <\/a>\n<\/div>\n\t\t\t\t\t<div class=\"col-padding col-padding-xs\">\n\t\t\t\t\t\t<h3 class=\"post-title space-bottom-small\">\n\t\t\t\t\t\t\t<a href=\"https:\/\/klinicysta.pl\/index.php\/2019\/08\/18\/zmiany-typu-modic\/\" rel=\"bookmark\">\n\t\t\t\t\t\t\t\tZmiany typu Modic\t\t\t\t\t\t\t<\/a>\n\t\t\t\t\t\t<\/h3>\n\t\t\t\t\t\t<p>W wynikach wielu bada\u0144 MRI kr\u0119gos\u0142upa obserwujemy cz\u0119sto zmiany typu Modic. Czym w\u0142a\u015bciwie one s\u0105 i czy s\u0105 gro\u017ane? Najpro\u015bciej m\u00f3wi\u0105c, s\u0105 to zmiany sygna\u0142u rezonansu magnetycznego MRI w trzonach[&hellip;]<\/p>\n\t\t\t\t\t\t<a class=\"read-more link\" href=\"https:\/\/klinicysta.pl\/index.php\/2019\/08\/18\/zmiany-typu-modic\/\">\n\t\t\t\t\t\t\tCzytaj dalej\t\t\t\t\t\t<\/a>\n\t\t\t\t\t<\/div>\n\t\t\t\t<\/div>\n\t\t\t<\/div>\n\t\t\t\t\t\t<div id=\"post-592\" class=\"col-sm-6 col-md-3 space-bottom space-bottom-xs\">\n\t\t\t\t<div class=\"post-content card y-move bordered\">\n\t\t\t\t\t<div class=\"post-thumbnail\">\n   <a href=\"https:\/\/klinicysta.pl\/index.php\/2019\/06\/17\/przedwakacyjne-spotkanie-fizjoterapeutow\/\" class=\"post-list-item-thumb \">\n      <img decoding=\"async\" width=\"1024\" height=\"1200\" src=\"https:\/\/klinicysta.pl\/wp-content\/uploads\/2019\/06\/PTF-cichosz-1024x1200.jpg\" class=\"attachment-post-thumbnail size-post-thumbnail wp-post-image\" alt=\"\" srcset=\"https:\/\/klinicysta.pl\/wp-content\/uploads\/2019\/06\/PTF-cichosz-1024x1200.jpg 1024w, https:\/\/klinicysta.pl\/wp-content\/uploads\/2019\/06\/PTF-cichosz-256x300.jpg 256w, https:\/\/klinicysta.pl\/wp-content\/uploads\/2019\/06\/PTF-cichosz-768x900.jpg 768w, https:\/\/klinicysta.pl\/wp-content\/uploads\/2019\/06\/PTF-cichosz-874x1024.jpg 874w, https:\/\/klinicysta.pl\/wp-content\/uploads\/2019\/06\/PTF-cichosz-922x1080.jpg 922w, https:\/\/klinicysta.pl\/wp-content\/uploads\/2019\/06\/PTF-cichosz.jpg 1078w\" sizes=\"(max-width: 1024px) 100vw, 1024px\" \/>   <\/a>\n<\/div>\n\t\t\t\t\t<div class=\"col-padding col-padding-xs\">\n\t\t\t\t\t\t<h3 class=\"post-title space-bottom-small\">\n\t\t\t\t\t\t\t<a href=\"https:\/\/klinicysta.pl\/index.php\/2019\/06\/17\/przedwakacyjne-spotkanie-fizjoterapeutow\/\" rel=\"bookmark\">\n\t\t\t\t\t\t\t\tPrzedwakacyjne spotkanie fizjoterapeut\u00f3w.\t\t\t\t\t\t\t<\/a>\n\t\t\t\t\t\t<\/h3>\n\t\t\t\t\t\t<p>Serdecznie zapraszamy na przedwakacyjne spotkanie dla fizjoterapeut\u00f3w pod patronatem dolno\u015bl\u0105sko nadodrza\u0144skiego oddzia\u0142u PTF. Go\u015bci\u0107 b\u0119dziemy mi prof. Zbigniewa \u015aliwi\u0144skiego oraz prof. Andrzeja Czamar\u0119, kt\u00f3rzy poza swoimi wyk\u0142adami podsumuj\u0105 dzia\u0142alno\u015b\u0107 KRF.[&hellip;]<\/p>\n\t\t\t\t\t\t<a class=\"read-more link\" href=\"https:\/\/klinicysta.pl\/index.php\/2019\/06\/17\/przedwakacyjne-spotkanie-fizjoterapeutow\/\">\n\t\t\t\t\t\t\tCzytaj dalej\t\t\t\t\t\t<\/a>\n\t\t\t\t\t<\/div>\n\t\t\t\t<\/div>\n\t\t\t<\/div>\n\t\t\t\t\t\t<div id=\"post-575\" class=\"col-sm-6 col-md-3 space-bottom space-bottom-xs\">\n\t\t\t\t<div class=\"post-content card y-move bordered\">\n\t\t\t\t\t<div class=\"post-thumbnail\">\n   <a href=\"https:\/\/klinicysta.pl\/index.php\/2018\/12\/10\/chorzy-na-sma-nie-maja-czasu\/\" class=\"post-list-item-thumb \">\n      <img loading=\"lazy\" decoding=\"async\" width=\"400\" height=\"400\" src=\"https:\/\/klinicysta.pl\/wp-content\/uploads\/2018\/12\/logosma.png\" class=\"attachment-post-thumbnail size-post-thumbnail wp-post-image\" alt=\"\" srcset=\"https:\/\/klinicysta.pl\/wp-content\/uploads\/2018\/12\/logosma.png 400w, https:\/\/klinicysta.pl\/wp-content\/uploads\/2018\/12\/logosma-150x150.png 150w, https:\/\/klinicysta.pl\/wp-content\/uploads\/2018\/12\/logosma-300x300.png 300w\" sizes=\"(max-width: 400px) 100vw, 400px\" \/>   <\/a>\n<\/div>\n\t\t\t\t\t<div class=\"col-padding col-padding-xs\">\n\t\t\t\t\t\t<h3 class=\"post-title space-bottom-small\">\n\t\t\t\t\t\t\t<a href=\"https:\/\/klinicysta.pl\/index.php\/2018\/12\/10\/chorzy-na-sma-nie-maja-czasu\/\" rel=\"bookmark\">\n\t\t\t\t\t\t\t\tChorzy na SMA nie maj\u0105 czasu&#8230;\t\t\t\t\t\t\t<\/a>\n\t\t\t\t\t\t<\/h3>\n\t\t\t\t\t\t<p>Za zgod\u0105 Fundacji SMA wspieraj\u0105cej dzia\u0142ania os\u00f3b chorych na rdzeniowy zanik mi\u0119\u015bni prosimy Pa\u0144stwa o zapoznanie si\u0119 z poni\u017cszym listem a przede wszystkim aktywne wsparcie chorych o ich walk\u0119 o[&hellip;]<\/p>\n\t\t\t\t\t\t<a class=\"read-more link\" href=\"https:\/\/klinicysta.pl\/index.php\/2018\/12\/10\/chorzy-na-sma-nie-maja-czasu\/\">\n\t\t\t\t\t\t\tCzytaj dalej\t\t\t\t\t\t<\/a>\n\t\t\t\t\t<\/div>\n\t\t\t\t<\/div>\n\t\t\t<\/div>\n\t\t\t\t<\/div>\n\t<\/div>\n<\/div>\n<div  class=\"row\">\n<div  class=\"text-center\"><a class=\"button color1\" data-attr-shortcode=\"href:mesmerize_blog_link\" href=\"https:\/\/klinicysta.pl\/?post_type=post\" target=\"_self\" rel=\"noopener noreferrer\">Zobacz wszystkie<\/a><\/div>\n<\/div>\n<\/div>\n<\/div><div  data-label=\"Overlappable\" data-id=\"overlappable-4\" data-export-id=\"overlappable-4\" data-category=\"overlappable\" class=\"overlappable-4 content-section content-section-spacing\" data-overlap=\"true\" id=\"overlappable-4\" style=\"background-color: #f5fafd; background-image: none;\">\n<div  class=\"gridContainer\">\n<div  data-type=\"row\" class=\"row spaced-cols text-center\">\n<div  class=\"col-xs-12 col-sm-4 col-padding\">\n\n<i  class=\"fa icon fa-clone large shadow-large-black round aligncenter reverse color1\"> <\/i>\n<div  data-type=\"column\" class=\"\">\n<h5  class=\"\">Darmowa baza artyku\u0142\u00f3w<\/h5>\n<p  class=\"\">Poszerzaj z nami swoj\u0105 wi\u0119dz\u0119, dzi\u0119ki stale uaktualnianej bazie artyku\u0142\u00f3w z zakresu fizjoterapii<\/p>\n&nbsp;\n\n<\/div>\n<\/div>\n<div  class=\"col-xs-12 col-sm-4 col-padding\">\n\n<i  class=\"fa icon fa-cogs large shadow-large-black round aligncenter reverse color1\"> <\/i>\n<div  data-type=\"column\" class=\"\">\n<h5  class=\"\">Spo\u0142eczno\u015b\u0107<\/h5>\n<p  class=\"\">Poznaj innych terapeut\u00f3w, konsultuj przypadki na forum.<\/p>\n\n<\/div>\n<\/div>\n<div  class=\"col-xs-12 col-sm-4 col-padding\">\n\n<a data-cp-link=\"1\" href=\"https:\/\/klinicysta.pl\/index.php\/traumatologia-sportowa\" target=\"_self\" rel=\"noopener\"><i  class=\"fa icon shadow-large-black aligncenter fa-magic reverse round large color1\"> <\/i><\/a>\n<div  data-type=\"column\" class=\"\">\n<h5  class=\"\">Kursy<\/h5>\n<p  class=\"\">Wybierz interesuj\u0105ce Ci\u0119 szkolnie, poszerz sw\u00f3j warsztat z nami!<\/p>\n<\/div>\n<\/div>\n<\/div>\n<\/div>\n<\/div>   ","protected":false},"excerpt":{"rendered":"<p>Zobacz wszystkie Darmowa baza artyku\u0142\u00f3w Poszerzaj z nami swoj\u0105 wi\u0119dz\u0119, dzi\u0119ki stale uaktualnianej bazie artyku\u0142\u00f3w z zakresu fizjoterapii &nbsp; Spo\u0142eczno\u015b\u0107 Poznaj innych terapeut\u00f3w, konsultuj przypadki na forum. Kursy Wybierz interesuj\u0105ce Ci\u0119 szkolnie, poszerz sw\u00f3j warsztat z nami!<\/p>\n","protected":false},"author":1,"featured_media":0,"parent":0,"menu_order":0,"comment_status":"closed","ping_status":"closed","template":"page-templates\/homepage.php","meta":{"_bbp_topic_count":0,"_bbp_reply_count":0,"_bbp_total_topic_count":0,"_bbp_total_reply_count":0,"_bbp_voice_count":0,"_bbp_anonymous_reply_count":0,"_bbp_topic_count_hidden":0,"_bbp_reply_count_hidden":0,"_bbp_forum_subforum_count":0,"footnotes":""},"class_list":["post-169","page","type-page","status-publish","hentry"],"_links":{"self":[{"href":"https:\/\/klinicysta.pl\/index.php\/wp-json\/wp\/v2\/pages\/169","targetHints":{"allow":["GET"]}}],"collection":[{"href":"https:\/\/klinicysta.pl\/index.php\/wp-json\/wp\/v2\/pages"}],"about":[{"href":"https:\/\/klinicysta.pl\/index.php\/wp-json\/wp\/v2\/types\/page"}],"author":[{"embeddable":true,"href":"https:\/\/klinicysta.pl\/index.php\/wp-json\/wp\/v2\/users\/1"}],"replies":[{"embeddable":true,"href":"https:\/\/klinicysta.pl\/index.php\/wp-json\/wp\/v2\/comments?post=169"}],"version-history":[{"count":32,"href":"https:\/\/klinicysta.pl\/index.php\/wp-json\/wp\/v2\/pages\/169\/revisions"}],"predecessor-version":[{"id":1213,"href":"https:\/\/klinicysta.pl\/index.php\/wp-json\/wp\/v2\/pages\/169\/revisions\/1213"}],"wp:attachment":[{"href":"https:\/\/klinicysta.pl\/index.php\/wp-json\/wp\/v2\/media?parent=169"}],"curies":[{"name":"wp","href":"https:\/\/api.w.org\/{rel}","templated":true}]}}