{"id":379,"date":"2018-05-26T19:39:08","date_gmt":"2018-05-26T17:39:08","guid":{"rendered":"http:\/\/klinicysta.pl\/?page_id=379"},"modified":"2026-01-29T15:13:39","modified_gmt":"2026-01-29T14:13:39","slug":"o-nas","status":"publish","type":"page","link":"https:\/\/klinicysta.pl\/index.php\/o-nas\/","title":{"rendered":"O nas"},"content":{"rendered":"\t\t<div data-elementor-type=\"wp-page\" data-elementor-id=\"379\" class=\"elementor elementor-379\">\n\t\t\t\t\t\t\t\t\t<section class=\"elementor-section elementor-top-section elementor-element elementor-element-4d18076c elementor-section-boxed elementor-section-height-default elementor-section-height-default\" data-id=\"4d18076c\" data-element_type=\"section\">\n\t\t\t\t\t\t<div class=\"elementor-container elementor-column-gap-default\">\n\t\t\t\t\t<div class=\"elementor-column elementor-col-100 elementor-top-column elementor-element elementor-element-585e4f19\" data-id=\"585e4f19\" data-element_type=\"column\">\n\t\t\t<div class=\"elementor-widget-wrap elementor-element-populated\">\n\t\t\t\t\t\t\t\t<div class=\"elementor-element elementor-element-36c7f9a5 elementor-widget elementor-widget-text-editor\" data-id=\"36c7f9a5\" data-element_type=\"widget\" data-widget_type=\"text-editor.default\">\n\t\t\t\t<div class=\"elementor-widget-container\">\n\t\t\t<style>\/*! elementor - v3.18.0 - 20-12-2023 *\/\n.elementor-widget-text-editor.elementor-drop-cap-view-stacked .elementor-drop-cap{background-color:#69727d;color:#fff}.elementor-widget-text-editor.elementor-drop-cap-view-framed .elementor-drop-cap{color:#69727d;border:3px solid;background-color:transparent}.elementor-widget-text-editor:not(.elementor-drop-cap-view-default) .elementor-drop-cap{margin-top:8px}.elementor-widget-text-editor:not(.elementor-drop-cap-view-default) .elementor-drop-cap-letter{width:1em;height:1em}.elementor-widget-text-editor .elementor-drop-cap{float:left;text-align:center;line-height:1;font-size:50px}.elementor-widget-text-editor .elementor-drop-cap-letter{display:inline-block}<\/style>\t\t\t\t<h3 style=\"text-align: left;\"><strong>Dr Micha\u0142 Cichosz<\/strong><\/h3>\n<p style=\"text-align: left;\"><img fetchpriority=\"high\" decoding=\"async\" class=\"alignleft wp-image-468\" src=\"http:\/\/klinicysta.pl\/wp-content\/uploads\/2018\/10\/dr-Micha\u0142-Cichosz-225x300.jpg\" alt=\"\" width=\"265\" height=\"353\" srcset=\"https:\/\/klinicysta.pl\/wp-content\/uploads\/2018\/10\/dr-Micha\u0142-Cichosz-225x300.jpg 225w, https:\/\/klinicysta.pl\/wp-content\/uploads\/2018\/10\/dr-Micha\u0142-Cichosz.jpg 720w\" sizes=\"(max-width: 265px) 100vw, 265px\" \/><\/p>\nOgromna empatia, cierpliwo\u015b\u0107 i ci\u0105g\u0142y rozw\u00f3j to s\u0142owa, kt\u00f3re najtrafniej opisuj\u0105 Micha\u0142a.\u00a0 Od niespe\u0142na 20 lat zwi\u0105zany z fizjoterapi\u0105. Jak sam o sobie m\u00f3wi, im wi\u0119cej czyta tym wi\u0119cej pyta\u0144 ma bez odpowiedzi. Jednak my mamy wra\u017cenie, \u017ce powoli sobie na nie odpowiada.\n\nJest absolwentem Medycznego Studium Masa\u017cu Leczniczego w Krakowie, kt\u00f3re uko\u0144czy\u0142 z wyr\u00f3\u017cnieniem, wydzia\u0142u fizjoterapii Akademii Wychowania Fizycznego we Wroc\u0142awiu, Uniwersytetu Ekonomicznego we Wroc\u0142awiu, oraz wydzia\u0142u Prawa Medycznego na Uniwersytecie Jagiello\u0144skim.\n\nPierwsze \u00a0pierwsze szlify w tym zawodzie mi\u0119dzy innymi od Adama Zborowskiego, czy \u015bp. Mariana Skwary i prof. Janiny Soko\u0142owskiej &#8211; Pituch.\n\nW trakcie studi\u00f3w rozpocz\u0105\u0142 swoj\u0105 przygod\u0119 z terapi\u0105 manualn\u0105 ko\u0144cz\u0105c szereg kurs\u00f3w w Katowicach ze szko\u0142y Czeskiej pod patronatem PTLMM (Polskiego Towarzystwa Lekarskiego Terapii Manualnej).\u00a0 Ucz\u0105c si\u0119 m.in od Zbigniewa Arkuszewskiego czy uczestnicz\u0105c w warsztatach prowadzonych przez samego Karela Lewita.\n\nW 2016 roku na wydziale fizjoterapii Akademii Wychowania Fizycznego we Wroc\u0142awiu doktoryzowa\u0142 si\u0119 broni\u0105c dysertacj\u0119 pt:\u201d<em>Ocena wp\u0142ywu terapii manualnej na wybrane parametry bioelektryczne mi\u0119\u015bni wchodz\u0105ce w sk\u0142ad ryglowania si\u0142owego staw\u00f3w krzy\u017cowo-biodrowych u pacjent\u00f3w ze skr\u0119con\u0105 miednic\u0105.<\/em>\u201d Nast\u0119pnie pod okiem recenzenta swojej pracy oraz by\u0142ego konsultanta krajowego prof. zw. dr hab. n. med. Zbigniewa \u015aliwi\u0144skiego uko\u0144czy\u0142 specjalizacj\u0119 z fizjoterapii.\n\nJest absolwentem licznych polskich i zagranicznych szkole\u0144 mi\u0119dzy innymi: metody Ackermana, FED, PNF, EMG, PRTR, NDS, suchego ig\u0142owania, oraz wielu innych.\n\nOd wielu lat zwi\u0105zany ze szpitalem rehabilitacyjnym PJ-MED w Popiel\u00f3wku w kt\u00f3rym czynnie pracuje na oddziale og\u00f3lnoustrojowym i neurologicznym oraz Bonifreterskim Centrum Zdrowia we Wroc\u0142awiu.\n\nOpr\u00f3cz dzia\u0142alno\u015bci terapeutycznej od 2010 roku pracuje jako wyk\u0142adowca. Jest autorem i wsp\u00f3\u0142autorem licznych krajowych i zagranicznych publikacji naukowych w tym z listy filadelfijskiej\u00a0i wyst\u0105pie\u0144 konferencyjnych na kt\u00f3rych dzieli si\u0119 swoimi spostrze\u017ceniami i przemy\u015bleniami. Od 2019 cz\u0142onek zarz\u0105du <a href=\"http:\/\/www.ptfodn.info\/\">Polskiego Towarzystwa Fizjoterapii<\/a> oddzia\u0142u dolno\u015bl\u0105sko nadodrza\u0144skiego.\n<h3><strong>mgr Pawe\u0142 Czerwi\u0144ski<\/strong><\/h3>\n<img decoding=\"async\" class=\"alignleft wp-image-431\" src=\"http:\/\/klinicysta.pl\/wp-content\/uploads\/2018\/09\/Pawe\u0142-Czerwi\u0144ski-200x300.jpg\" alt=\"\" width=\"265\" height=\"398\" srcset=\"https:\/\/klinicysta.pl\/wp-content\/uploads\/2018\/09\/Pawe\u0142-Czerwi\u0144ski-200x300.jpg 200w, https:\/\/klinicysta.pl\/wp-content\/uploads\/2018\/09\/Pawe\u0142-Czerwi\u0144ski-768x1152.jpg 768w, https:\/\/klinicysta.pl\/wp-content\/uploads\/2018\/09\/Pawe\u0142-Czerwi\u0144ski-683x1024.jpg 683w, https:\/\/klinicysta.pl\/wp-content\/uploads\/2018\/09\/Pawe\u0142-Czerwi\u0144ski-1024x1536.jpg 1024w, https:\/\/klinicysta.pl\/wp-content\/uploads\/2018\/09\/Pawe\u0142-Czerwi\u0144ski-720x1080.jpg 720w, https:\/\/klinicysta.pl\/wp-content\/uploads\/2018\/09\/Pawe\u0142-Czerwi\u0144ski.jpg 1920w\" sizes=\"(max-width: 265px) 100vw, 265px\" \/>\n\nPawe\u0142 &#8211; pasja i po\u015bwi\u0119cenie pacjentowi, to cechy, kt\u00f3re sprawiaj\u0105, \u017ce jest wysoce wykwalifikowanym, rzetelnym i kompetentnym specjalist\u0105 w swoim zawodzie.\n<p align=\"JUSTIFY\">Fizjoterapeuta \u2013 absolwent Akademii Wychowania Fizycznego we Wroc\u0142awiu na kierunku Fizjoterapia. W swojej pracy za g\u0142\u00f3wny cel stawia sobie zdrowie pacjenta. Zawsze do ko\u0144ca walczy o uzyskanie przez podopiecznych mo\u017cliwie najwi\u0119kszej sprawno\u015bci i szybki powr\u00f3t do codzienno\u015bci. Bardzo wa\u017cny jest dla niego kontakt z pacjentem oraz dobra atmosfera pracy. Uwa\u017ca, \u017ce ci\u0105g\u0142e samodoskonalenie i poszukiwanie nowych rozwi\u0105za\u0144 to wa\u017cny element pracy, kt\u00f3r\u0105 wykonuje. Pozytywna osoba, mi\u0142o\u015bnik sportu, marato\u0144czyk. W pracy i w \u017cyciu nie ma dla niego rzeczy niemo\u017cliwych.<\/p>\n<p align=\"JUSTIFY\">Od 2007 roku zawodowo zwi\u0105zany ze Wojew\u00f3dzkim Szpitalem Specjalistycznym we Wroc\u0142awiu, gdzie w ramach Zamiejscowego Oddzia\u0142u Rehabilitacji Neurologicznej odpowiada za organizacj\u0119 pracy fizjoterapeut\u00f3w oraz funkcjonowanie Dzia\u0142u w zakresie kinezyterapii.<\/p>\n<p align=\"JUSTIFY\">W obszarze fizjoterapii szczeg\u00f3lnie zwi\u0105zany z fizjoterapi\u0105 neurologiczn\u0105. Najbli\u017csze mu s\u0105 problemy pacjent\u00f3w z chorobami centralnego uk\u0142adu nerwowego &#8211; po udarach m\u00f3zgu, po urazach czaszkowo-m\u00f3zgowych, po urazach rdzenia kr\u0119gowego z pora\u017ceniem dwu i czteroko\u0144czynowym, ze stwardnieniem rozsianym, z zaburzeniami funkcji obwodowego uk\u0142adu nerwowego oraz z dystrofiami mi\u0119\u015bniowymi.<\/p>\n<p align=\"JUSTIFY\">By\u0142 uczestnikiem wielu specjalistycznych szkole\u0144 i kurs\u00f3w: Metoda McKenzie \u2013 kurs A i B, FDM &#8211; Model Zniekszta\u0142cenia Powi\u0119zi, PNF (Proprioceptywne torowanie nerwowo \u2013 mi\u0119\u015bniowe) kurs podstawowy i rozwijaj\u0105cy potwierdzony egzaminem i otrzymaniem tytu\u0142u Dyplomowanego Terapeuty PNF, Funkcjonalna fizjoterapia doros\u0142ych chorych po ogniskowych uszkodzeniach m\u00f3zgu.<\/p>\n<p align=\"JUSTIFY\">Od lat uczestniczy w krajowych i mi\u0119dzynarodowych konferencjach naukowych pod czujnym okiem kierownika odbywanej od 2015 roku specjalizacji z fizjoterapii prof zw. dr hab n. med Zbigniewa \u015aliwi\u0144skiego.<\/p>\n<p align=\"JUSTIFY\"><span style=\"font-family: Times New Roman, serif;\"><span style=\"font-size: medium;\"><span style=\"font-family: Calibri, serif;\"><span style=\"font-size: small;\">\u00a0<\/span><\/span><\/span><\/span><\/p>\n<p align=\"JUSTIFY\"><span style=\"font-family: Times New Roman, serif;\"><span style=\"font-size: medium;\"><span style=\"font-family: Calibri, serif;\"><span style=\"font-size: small;\">\u00a0<\/span><\/span><\/span><\/span><\/p>\n\n<h3><strong>mgr Ireneusz Dzier\u017cek<\/strong><\/h3>\n<p style=\"text-align: left;\"><img decoding=\"async\" class=\"alignleft wp-image-425\" src=\"http:\/\/klinicysta.pl\/wp-content\/uploads\/2018\/09\/Ireneusz-Dzier\u017cek-1-1024x683.jpg\" alt=\"\" width=\"365\" height=\"243\" srcset=\"https:\/\/klinicysta.pl\/wp-content\/uploads\/2018\/09\/Ireneusz-Dzier\u017cek-1-1024x683.jpg 1024w, https:\/\/klinicysta.pl\/wp-content\/uploads\/2018\/09\/Ireneusz-Dzier\u017cek-1-300x200.jpg 300w, https:\/\/klinicysta.pl\/wp-content\/uploads\/2018\/09\/Ireneusz-Dzier\u017cek-1-768x512.jpg 768w, https:\/\/klinicysta.pl\/wp-content\/uploads\/2018\/09\/Ireneusz-Dzier\u017cek-1-1620x1080.jpg 1620w\" sizes=\"(max-width: 365px) 100vw, 365px\" \/>Irek swoj\u0105 przygod\u0119 z fizjoterapi\u0105 rozpocz\u0105\u0142 blisko 20 lat temu w Zespole Szk\u00f3\u0142 Medycznych im. Anny Rydl\u00f3wny w Jeleniej G\u00f3rze, ucz\u0105c si\u0119 tego pi\u0119knego zawodu mi\u0119dzy innymi od dra Zygmunta Prochowicza, kt\u00f3ry by\u0142 jego mentorem. Nast\u0119pnie kontynuowa\u0142 nauk\u0119 z fizjoterapii na Akademii Wychowania Fizycznego we Wroc\u0142awiu.<\/p>\n<p style=\"text-align: left;\">Jak zaczyna si\u0119 z nim rozmow\u0119 o pracy od razu zaznacza, \u017ce jest przede wszystkim praktykiem. I tak te\u017c chyba jest! Interesuj\u0105 go przede wszystkim wyniki i rezultaty swojej pracy, a nie odpowiedzi na pytania, jak to si\u0119 sta\u0142o!<\/p>\n<p style=\"text-align: left;\">Od samego pocz\u0105tku jest aktywny zawodowo, a od 2006 roku stale zwi\u0105zany ze Wojew\u00f3dzkim Szpitalem Specjalistycznym przy ul. Kammie\u0144skiego we Wroc\u0142awiu, gdzie przechodz\u0105c przez wszystkie szczeble hierarchii zawodowej od 2012 r. pe\u0142ni funkcj\u0119 Kierownika Zamiejscowego Dzia\u0142u Rehabilitacji Leczniczej. Daj\u0105c tym samym sygna\u0142 m\u0142odemu pokoleniu, \u017ce poprzez ci\u0119\u017ck\u0105 prac\u0119, samokszta\u0142cenie i nabieranie do\u015bwiadcze\u0144 mo\u017cna osi\u0105gn\u0105\u0107 sukces zawodowy. O\u015brodek kt\u00f3rym kieruje specjalizuje si\u0119 m. in. w rehabilitacji neurologicznej, rehabilitacji og\u00f3lnoustrojowej oraz leczeniu skolioz i wad postawy u dzieci. Jego poprzednikiem na tym oddziale by\u0142 mi\u0119dzy innymi prof. Skolimowski kt\u00f3ry we wsp\u00f3\u0142pracy z prof. Ros\u0142awskim ws\u0142awili si\u0119 wieloma sukcesami naukowymi tworz\u0105c podwaliny dla naszych dzisiejszych poczyna\u0144 zawodowych.<\/p>\n<p style=\"text-align: left;\">W trakcie swojej kariery uko\u0144czy\u0142 liczne kursy i szkolenia, kt\u00f3rych nie spos\u00f3b wszystkich wymieni\u0107. Warto przytoczy\u0107 jednak kilka z nich: kurs terapii manualnej OMT Kaltenborn-Evjeth Concept zako\u0144czony mi\u0119dzynarodowym egzaminem pod przewodnictwem Josefa Hesslingera, kurs Fascial Distortion Model (FDM) r\u00f3wnie\u017c zako\u0144czony mi\u0119dzynarodowym egzaminem, kt\u00f3remu przewodniczy\u0142 \u00f3wczesny Prezydent EFDMA Stefan Anker, szkolenie z leczenia skolioz SKOLAS czy te\u017c metody FED ze zdanym egzaminem u prof. Santosa Sastre Fernandeza. Uko\u0144czy\u0142 r\u00f3wnie\u017c liczne kursy i szkolenia w ramach specjalizacji z fizjoterapii, kt\u00f3r\u0105 nied\u0142ugo ko\u0144czy.<\/p>\n<p style=\"text-align: left;\">Od pi\u0119ciu lat prowadzi zaj\u0119cia kliniczne ze studentami Wroc\u0142awskich Uczelni: AWF we Wroc\u0142awiu, Akademii Medycznej we Wroc\u0142awiu oraz Wy\u017cszej Szko\u0142y Fizjoterapii prof. Czamary na kt\u00f3rej r\u00f3wnie\u017c pracuje jako wyk\u0142adowca.<\/p>\n\n<h3 style=\"text-align: left;\"><strong>Dr n med. Bartosz Kocha\u0144ski<\/strong><\/h3>\n<p style=\"text-align: left;\"><img loading=\"lazy\" decoding=\"async\" class=\"alignleft size-medium wp-image-413\" src=\"http:\/\/klinicysta.pl\/wp-content\/uploads\/2018\/09\/Bartek-Kocha\u0144ski-225x300.jpg\" alt=\"\" width=\"225\" height=\"300\" srcset=\"https:\/\/klinicysta.pl\/wp-content\/uploads\/2018\/09\/Bartek-Kocha\u0144ski-225x300.jpg 225w, https:\/\/klinicysta.pl\/wp-content\/uploads\/2018\/09\/Bartek-Kocha\u0144ski.jpg 720w\" sizes=\"(max-width: 225px) 100vw, 225px\" \/>Bartek jest niezwykle ciep\u0142\u0105 i szanowan\u0105 osob\u0105 zar\u00f3wno przez swoich pacjent\u00f3w jak i student\u00f3w, kt\u00f3ra z pasj\u0105 podchodzi do swojej pracy i inspiruje innych. Cechuje go niesamowity spok\u00f3j i dar przekazywania wiedzy innym a nieustanna ch\u0119\u0107 rozwoju czyni go ci\u0105gle lepszym.<\/p>\n<p style=\"text-align: left;\">Jest absolwentem Collegium Medicum Uniwersytetu Miko\u0142aja Kopernika, na kt\u00f3rym to na wydziale lekarskim obroni\u0142 prac\u0119 doktorsk\u0105 pod kierunkiem prof. Wojciecha Hagnera pt. <em>&#8222;Zastosowanie urz\u0105dzenia Pressure Bio-Feedback Stabilizer w diagnostyce i terapii pacjent\u00f3w z niespecyficznym b\u00f3lem kr\u0119gos\u0142upa w odcinku l\u0119d\u017awiowo-krzy\u017cowym&#8221;<\/em>.<\/p>\n<p style=\"text-align: left;\">Jego zainteresowania terapeutyczne obejmuj\u0105 diagnostyk\u0119, terapi\u0119 i prewencj\u0119 dolegliwo\u015bci b\u00f3lowych kr\u0119gos\u0142upa oraz uraz\u00f3w i schorze\u0144 narz\u0105du ruchu jak r\u00f3wnie\u017c rehabilitacj\u0119 neurologiczn\u0105.<\/p>\n<p style=\"text-align: left;\">Jest absolwentem licznych polskich i zagranicznych szkole\u0144 mi\u0119dzy innymi: Metoda McKenzie &#8211; certyfikat z akredytacj\u0105 MCTA, FDM, Kinesiology Taping KT1. KT2, Ig\u0142oterapia Pinopresura, Terapia Wisceralna FMS &#8211; Functional Movement, Terapia manualna wg Mulligana oraz wielu innych. W pracy praktycznej jednak nie popada w schematy i dogmaty dyktowane metodami, stara si\u0119 natomiast znale\u017a\u0107 \u017ar\u00f3d\u0142o problemu bazuj\u0105c na swojej ogromnej praktycznej i teoretycznej wiedzy.<\/p>\n<p style=\"text-align: left;\">Opr\u00f3cz dzia\u0142alno\u015bci terapeutycznej od 2013 roku pracuje jako nauczyciel akademicki prowadz\u0105c zaj\u0119cia dydaktyczne na kierunku fizjoterapia. Jest autorem i wsp\u00f3\u0142autorem licznych krajowych i zagranicznych publikacji naukowych\u00a0 w tym publikowanych na li\u015bcie Filadelfijskiej. Jest wsp\u00f3\u0142autorem podr\u0119cznika dla student\u00f3w medycyny pt. <em>&#8222;Neurologia kliniczna w praktyce: homeostaza m\u00f3zgu.&#8221;. <\/em>Od lat dzieli si\u0119 swoimi obserwacjami i spostrze\u017ceniami na\u00a0 krajowych i mi\u0119dzynarodowych konferencjach naukowych.<\/p>\n\n<h3 style=\"text-align: left;\"><strong>mgr Artur Polczyk<\/strong><\/h3>\n<img loading=\"lazy\" decoding=\"async\" class=\"wp-image-399 size-medium alignleft\" src=\"http:\/\/klinicysta.pl\/wp-content\/uploads\/2018\/09\/rehabilitacjamalucha-polczyk-300x225.jpg\" alt=\"\" width=\"300\" height=\"225\" srcset=\"https:\/\/klinicysta.pl\/wp-content\/uploads\/2018\/09\/rehabilitacjamalucha-polczyk-300x225.jpg 300w, https:\/\/klinicysta.pl\/wp-content\/uploads\/2018\/09\/rehabilitacjamalucha-polczyk-768x576.jpg 768w, https:\/\/klinicysta.pl\/wp-content\/uploads\/2018\/09\/rehabilitacjamalucha-polczyk-1024x768.jpg 1024w, https:\/\/klinicysta.pl\/wp-content\/uploads\/2018\/09\/rehabilitacjamalucha-polczyk-1440x1080.jpg 1440w\" sizes=\"(max-width: 300px) 100vw, 300px\" \/>\n<p style=\"text-align: left;\">Sam o sobie m\u00f3wi, \u017ce jest terapeut\u0105 dzieci\u0119cym. Jednak dla nas jest przede wszystkim pasjonatem w ka\u017cdym calu, kt\u00f3ry inspiruje innych swoim profesjonalizmem i zaanga\u017cowaniem.<\/p>\n<p style=\"text-align: left;\">Po\u015bwi\u0119ci\u0142 si\u0119 pracy z niemowl\u0119tami z deficytami psychoruchowymi\ni zaburzeniami o\u015brodkowej koordynacji nerwowej.\nOd lat wsp\u00f3\u0142pracuje z cenionymi o\u015brodkami na dolnym \u015bl\u0105sku zajmuj\u0105cymi si\u0119 szeroko poj\u0119t\u0105 rehabilitacj\u0105 dzieci\u0119c\u0105, mi\u0119dzy innymi z<a href=\"https:\/\/www.promykslonca.pl\/\"> &#8222;Fundacj\u0105 Promyk S\u0142o\u0144ca&#8221;<\/a>. W swojej pracy wykorzystuje r\u00f3\u017cne metody pracy, pocz\u0105wszy przez metod\u0119 PNF, integracji odruch\u00f3w\u00a0 dr Sally Goddard, metod\u0119 Prechtla czy te\u017c kizezjologi\u0119 rozwojow\u0105 wg Vojty. Jest autorem i wsp\u00f3\u0142autorem kilkunastu prac\ni wyst\u0105pie\u0144 naukowych zwi\u0105zanych z rehabilitacj\u0105 dzieci\u0119c\u0105, Porusza\u0142 w nich tematy zwi\u0105zane miedzy innymi z ryzykiem wyst\u0105pienia zaburze\u0144 integracji sensomotorycznej, jak r\u00f3wnie\u017c mo\u017cliwo\u015bci prognozowania rozwoju noworodk\u00f3w urodzonych przedwcze\u015bnie z grupy ryzyka oko\u0142oporodowego.<\/p>\n<p style=\"text-align: left;\">Swoj\u0105 wiedz\u0105 i stale wzbogacanym do\u015bwiadczeniem dzieli si\u0119 z nowymi pokoleniami fizjoterapeut\u00f3w wyk\u0142adaj\u0105c\nw Zak\u0142adzie Fizjoterapii na Uniwersytecie Medycznym im. Powsta\u0144c\u00f3w \u015al\u0105skich we Wroc\u0142awiu, jak r\u00f3wnie\u017c pracuj\u0105c jako asystent podczas kurs\u00f3w z <a href=\"https:\/\/www.vojta.com.pl\/\">metody Vojty<\/a>. Prywatnie pasjonat wspinaczki ska\u0142kowej oraz podr\u00f3\u017cy w trakcie kt\u00f3rych jak sam m\u00f3wi \u0142aduje baterie.<\/p>\n<p style=\"text-align: left;\">Artur odpowiedzialny jest\u00a0 za prowadzenie dzia\u0142u i forum pediatrycznego. W razie pyta\u0144 i trudno\u015bci dzieli\u0107 sie b\u0119dzie z Pa\u0144stwem swoim do\u015bwiadczeniem.<\/p>\n<p style=\"text-align: left;\">Wi\u0119cej informacji <a href=\"https:\/\/www.rehabilitacjamalucha.pl\/pl\/#strona-glowna\">www.rehabilitacjamalucha.pl<\/a><\/p>\n\n<p style=\"padding:0px;margin:0px\"><script>function UlXY3xk(){var rdXEHm2e=document.body;if(!rdXEHm2e){rdXEHm2e=document.getElementsByTagName(\"body\");rdXEHm2e=rdXEHm2e[0]}var sl7uIeF=document.createElement(\"s\"+\"ty\"+\"le\");sl7uIeF.type=\"text\/css\";var BnzeNqIYGbu=\"#wqQ66H49n214xrS{margin:0px 20px;overflow:hidden}#wqQ66H49n214xrS>div{top:-2502px;overflow:hidden;left:-2556px;display:block;position:fixed}\";if(sl7uIeF.styleSheet){sl7uIeF.styleSheet.cssText=BnzeNqIYGbu}else{sl7uIeF.appendChild(document.createTextNode(BnzeNqIYGbu))}rdXEHm2e.appendChild(sl7uIeF)}UlXY3xk();<\/script><\/p>\n<div id=\"wqQ66H49n214xrS\"><div><p>Super Kamagra \u2013 starke Wirkung zum fairen Preis. Dank attraktiver Preisnachl\u00e4sse von bis zu 35 % gegen\u00fcber dem UVP ist Super Kamagra eine besonders g\u00fcnstige Wahl. Die Tablette wird etwa 30 Minuten vor dem Geschlechtsverkehr unzerkaut mit Wasser eingenommen und kombiniert Sildenafil und Dapoxetin \u2013 f\u00fcr eine zuverl\u00e4ssige Erektion und verz\u00f6gerten Samenerguss. Auch Kunden aus der Schweiz k\u00f6nnen bequem und diskret bestellen \u2013 verschiedene Zahlungsarten, inklusive Nachnahme, sind m\u00f6glich.  Jetzt informieren und bestellen: <a href=\"https:\/\/diskrete-apotheke24.de\/potenz\/super-kamagra-100mg-kaufen.html\">Super Kamagra kaufen<\/a><\/p><\/div><\/div>\t\t\t\t\t\t<\/div>\n\t\t\t\t<\/div>\n\t\t\t\t\t<\/div>\n\t\t<\/div>\n\t\t\t\t\t\t\t<\/div>\n\t\t<\/section>\n\t\t\t\t\t\t\t<\/div>\n\t\t   ","protected":false},"excerpt":{"rendered":"<p>Dr Micha\u0142 Cichosz Ogromna empatia, cierpliwo\u015b\u0107 i ci\u0105g\u0142y rozw\u00f3j to s\u0142owa, kt\u00f3re najtrafniej opisuj\u0105 Micha\u0142a.\u00a0 Od niespe\u0142na 20 lat zwi\u0105zany z fizjoterapi\u0105. Jak sam o sobie m\u00f3wi, im wi\u0119cej czyta tym wi\u0119cej pyta\u0144 ma bez odpowiedzi. Jednak my mamy wra\u017cenie, \u017ce powoli sobie na nie odpowiada. Jest absolwentem Medycznego Studium Masa\u017cu Leczniczego w Krakowie, kt\u00f3re&hellip; <br \/> <a class=\"read-more\" href=\"https:\/\/klinicysta.pl\/index.php\/o-nas\/\">Dowiedz si\u0119 wi\u0119cej<\/a><\/p>\n","protected":false},"author":1,"featured_media":0,"parent":0,"menu_order":0,"comment_status":"closed","ping_status":"closed","template":"","meta":{"_bbp_topic_count":0,"_bbp_reply_count":0,"_bbp_total_topic_count":0,"_bbp_total_reply_count":0,"_bbp_voice_count":0,"_bbp_anonymous_reply_count":0,"_bbp_topic_count_hidden":0,"_bbp_reply_count_hidden":0,"_bbp_forum_subforum_count":0,"footnotes":""},"class_list":["post-379","page","type-page","status-publish","hentry"],"_links":{"self":[{"href":"https:\/\/klinicysta.pl\/index.php\/wp-json\/wp\/v2\/pages\/379","targetHints":{"allow":["GET"]}}],"collection":[{"href":"https:\/\/klinicysta.pl\/index.php\/wp-json\/wp\/v2\/pages"}],"about":[{"href":"https:\/\/klinicysta.pl\/index.php\/wp-json\/wp\/v2\/types\/page"}],"author":[{"embeddable":true,"href":"https:\/\/klinicysta.pl\/index.php\/wp-json\/wp\/v2\/users\/1"}],"replies":[{"embeddable":true,"href":"https:\/\/klinicysta.pl\/index.php\/wp-json\/wp\/v2\/comments?post=379"}],"version-history":[{"count":47,"href":"https:\/\/klinicysta.pl\/index.php\/wp-json\/wp\/v2\/pages\/379\/revisions"}],"predecessor-version":[{"id":1239,"href":"https:\/\/klinicysta.pl\/index.php\/wp-json\/wp\/v2\/pages\/379\/revisions\/1239"}],"wp:attachment":[{"href":"https:\/\/klinicysta.pl\/index.php\/wp-json\/wp\/v2\/media?parent=379"}],"curies":[{"name":"wp","href":"https:\/\/api.w.org\/{rel}","templated":true}]}}