{"id":479,"date":"2018-10-15T20:57:34","date_gmt":"2018-10-15T18:57:34","guid":{"rendered":"http:\/\/klinicysta.pl\/?page_id=479"},"modified":"2018-11-29T20:40:03","modified_gmt":"2018-11-29T19:40:03","slug":"student","status":"publish","type":"page","link":"https:\/\/klinicysta.pl\/index.php\/student\/","title":{"rendered":"Student"},"content":{"rendered":"<p>Poni\u017cej znajdziecie Pa\u0144stwo zadania domowe i publikacje przeznaczone tylko dla Student\u00f3w:<\/p>\n<p><img fetchpriority=\"high\" decoding=\"async\" class=\"wp-image-528 aligncenter\" src=\"http:\/\/klinicysta.pl\/wp-content\/uploads\/2018\/10\/240_F_131776081_njyg0sWEAP78BuETBEH5bNbeXq5kWdL9.jpg\" alt=\"\" width=\"797\" height=\"532\" srcset=\"https:\/\/klinicysta.pl\/wp-content\/uploads\/2018\/10\/240_F_131776081_njyg0sWEAP78BuETBEH5bNbeXq5kWdL9.jpg 360w, https:\/\/klinicysta.pl\/wp-content\/uploads\/2018\/10\/240_F_131776081_njyg0sWEAP78BuETBEH5bNbeXq5kWdL9-300x200.jpg 300w\" sizes=\"(max-width: 797px) 100vw, 797px\" \/><\/p>\n<div class='embed-container'>\n<blockquote class=\"wp-embedded-content\" data-secret=\"JvoUguon1k\"><p><a href=\"http:\/\/klinicysta.pl\/index.php\/2018\/11\/29\/ostateczne-wyniki-zaliczenia-przedmiotu\/\">Ostateczne wyniki zaliczenia przedmiotu<\/a><\/p><\/blockquote>\n<p><iframe class=\"wp-embedded-content\" sandbox=\"allow-scripts\" security=\"restricted\" style=\"position: absolute; clip: rect(1px, 1px, 1px, 1px);\" src=\"http:\/\/klinicysta.pl\/index.php\/2018\/11\/29\/ostateczne-wyniki-zaliczenia-przedmiotu\/embed\/#?secret=JvoUguon1k\" data-secret=\"JvoUguon1k\" width=\"600\" height=\"338\" title=\"&#8222;Ostateczne wyniki zaliczenia przedmiotu&#8221; &#8212; Klinicysta.pl\" frameborder=\"0\" marginwidth=\"0\" marginheight=\"0\" scrolling=\"no\"><\/iframe><\/div>\n<p>&nbsp;<\/p>\n   ","protected":false},"excerpt":{"rendered":"<p>Poni\u017cej znajdziecie Pa\u0144stwo zadania domowe i publikacje przeznaczone tylko dla Student\u00f3w: Ostateczne wyniki zaliczenia przedmiotu &nbsp;<\/p>\n","protected":false},"author":1,"featured_media":0,"parent":0,"menu_order":0,"comment_status":"closed","ping_status":"closed","template":"page-templates\/homepage.php","meta":{"_bbp_topic_count":0,"_bbp_reply_count":0,"_bbp_total_topic_count":0,"_bbp_total_reply_count":0,"_bbp_voice_count":0,"_bbp_anonymous_reply_count":0,"_bbp_topic_count_hidden":0,"_bbp_reply_count_hidden":0,"_bbp_forum_subforum_count":0,"footnotes":""},"class_list":["post-479","page","type-page","status-publish","hentry"],"_links":{"self":[{"href":"https:\/\/klinicysta.pl\/index.php\/wp-json\/wp\/v2\/pages\/479","targetHints":{"allow":["GET"]}}],"collection":[{"href":"https:\/\/klinicysta.pl\/index.php\/wp-json\/wp\/v2\/pages"}],"about":[{"href":"https:\/\/klinicysta.pl\/index.php\/wp-json\/wp\/v2\/types\/page"}],"author":[{"embeddable":true,"href":"https:\/\/klinicysta.pl\/index.php\/wp-json\/wp\/v2\/users\/1"}],"replies":[{"embeddable":true,"href":"https:\/\/klinicysta.pl\/index.php\/wp-json\/wp\/v2\/comments?post=479"}],"version-history":[{"count":18,"href":"https:\/\/klinicysta.pl\/index.php\/wp-json\/wp\/v2\/pages\/479\/revisions"}],"predecessor-version":[{"id":568,"href":"https:\/\/klinicysta.pl\/index.php\/wp-json\/wp\/v2\/pages\/479\/revisions\/568"}],"wp:attachment":[{"href":"https:\/\/klinicysta.pl\/index.php\/wp-json\/wp\/v2\/media?parent=479"}],"curies":[{"name":"wp","href":"https:\/\/api.w.org\/{rel}","templated":true}]}}